{"id":40,"date":"2023-05-04T11:01:06","date_gmt":"2023-05-04T09:01:06","guid":{"rendered":"http:\/\/juliette-cortese.fr\/?page_id=40"},"modified":"2023-05-14T16:44:47","modified_gmt":"2023-05-14T14:44:47","slug":"a-propos","status":"publish","type":"page","link":"https:\/\/juliette-cortese.fr\/index.php\/a-propos\/","title":{"rendered":"A propos"},"content":{"rendered":"\n<p>N\u00e9e en Franche-comt\u00e9 en 1978, Juliette Cortese vit \u00e0 Montpellier et travaille dans la langue. Celle qu\u2019on parle autour des tables. Celle qu\u2019on \u00e9crit en atelier. Et dans la sienne, \u00e0 t\u00e2tons, au burin, parfois avec un \u00e9pluche-l\u00e9gume. \u00c9crit ce qui vient et ce qui ne vient pas, lit \u00e0 voix haute et bricole des <a href=\"https:\/\/www.youtube.com\/channel\/UC3CM_JjrYwP3hZ37l6g_uyA\">vid\u00e9opo\u00e8mes<\/a>. <\/p>\n\n\n\n<p>Publications en 2021\u00a0: <\/p>\n\n\n\n<ul class=\"wp-block-list\">\n<li><em><a rel=\"noreferrer noopener\" href=\"https:\/\/grostextes.fr\/publication\/x-tentatives-pour-continuer-le-present\/\" target=\"_blank\">X Tentatives pour continuer le pr\u00e9sent<\/a><\/em>, prose po\u00e9tique, chez Gros Textes<\/li>\n\n\n\n<li><em><a href=\"https:\/\/www.publie.net\/livre\/lent-seisme-juliette-cortese\/\">Lent s\u00e9isme<\/a><\/em>, roman, chez Publie.net<\/li>\n<\/ul>\n","protected":false},"excerpt":{"rendered":"<p>N\u00e9e en Franche-comt\u00e9 en 1978, Juliette Cortese vit \u00e0 Montpellier et travaille dans la langue. Celle qu\u2019on parle autour des tables. Celle qu\u2019on \u00e9crit en atelier. Et dans la sienne, \u00e0 t\u00e2tons, au burin, parfois avec un \u00e9pluche-l\u00e9gume. \u00c9crit ce qui vient et ce qui ne vient pas, lit \u00e0 voix haute et bricole des [&hellip;]<\/p>\n","protected":false},"author":2,"featured_media":0,"parent":0,"menu_order":0,"comment_status":"closed","ping_status":"closed","template":"","meta":{"footnotes":""},"class_list":["post-40","page","type-page","status-publish","hentry"],"_links":{"self":[{"href":"https:\/\/juliette-cortese.fr\/index.php\/wp-json\/wp\/v2\/pages\/40","targetHints":{"allow":["GET"]}}],"collection":[{"href":"https:\/\/juliette-cortese.fr\/index.php\/wp-json\/wp\/v2\/pages"}],"about":[{"href":"https:\/\/juliette-cortese.fr\/index.php\/wp-json\/wp\/v2\/types\/page"}],"author":[{"embeddable":true,"href":"https:\/\/juliette-cortese.fr\/index.php\/wp-json\/wp\/v2\/users\/2"}],"replies":[{"embeddable":true,"href":"https:\/\/juliette-cortese.fr\/index.php\/wp-json\/wp\/v2\/comments?post=40"}],"version-history":[{"count":3,"href":"https:\/\/juliette-cortese.fr\/index.php\/wp-json\/wp\/v2\/pages\/40\/revisions"}],"predecessor-version":[{"id":536,"href":"https:\/\/juliette-cortese.fr\/index.php\/wp-json\/wp\/v2\/pages\/40\/revisions\/536"}],"wp:attachment":[{"href":"https:\/\/juliette-cortese.fr\/index.php\/wp-json\/wp\/v2\/media?parent=40"}],"curies":[{"name":"wp","href":"https:\/\/api.w.org\/{rel}","templated":true}]}}