{"id":2216,"date":"2025-03-03T22:35:27","date_gmt":"2025-03-03T21:35:27","guid":{"rendered":"https:\/\/juliette-cortese.fr\/?page_id=2216"},"modified":"2026-05-01T19:06:55","modified_gmt":"2026-05-01T17:06:55","slug":"degafamiser-concretement","status":"publish","type":"page","link":"https:\/\/juliette-cortese.fr\/index.php\/degafamiser-concretement\/","title":{"rendered":"D\u00e9gafamiser, concr\u00e8tement ?"},"content":{"rendered":"\n<p>M&rsquo;\u00e9loigner, autant qu&rsquo;il est possible, des GAFAM. <\/p>\n\n\n\n<p>GAFAM (source Wikip\u00e9dia) : \u00ab\u00a0<strong>GAFAM<\/strong> est l&rsquo;acronyme des g\u00e9ants du Web \u2014&nbsp;Google, Apple, Facebook (Meta), Amazon, Facebook, Microsoft &nbsp;\u2014 qui sont les cinq grandes firmes am\u00e9ricaines (fond\u00e9es entre le dernier quart du XX<sup>e<\/sup>&nbsp;si\u00e8cle et le d\u00e9but du XXI<sup>e<\/sup>&nbsp;si\u00e8cle) qui dominent le march\u00e9 du num\u00e9rique.\u00a0\u00bb<\/p>\n\n\n\n<p>\u00c7a veut dire de nombreuses actions p\u00e9nibles \u00e0 mener* :<\/p>\n\n\n\n<p>Cesser d&rsquo;utiliser, puis quitter Facebook et Instagram, sur lesquels j&rsquo;ai eu de 2008 \u00e0 2024 une grosse activit\u00e9 li\u00e9e \u00e0 ma pratique d&rsquo;\u00e9criture, \u00e0 mes publications, sites, lectures, vid\u00e9os&#8230;<\/p>\n\n\n\n<p>Limiter les donn\u00e9es offertes \u00e0 Google : implique de vider progressivement trois comptes que j&rsquo;utilise quotidiennement : un pour le travail (par chance j&rsquo;ai une adresse li\u00e9e \u00e0 mon nom de domaine et je n&rsquo;utilise pas l&rsquo;adresse gmail pour mes contacts pros) ; un compte perso pour toute la vie num\u00e9rique de base (de la s\u00e9cu \u00e0 l&rsquo;\u00e9lectricit\u00e9 en passant par la banque, les comptes chez divers marchands&#8230;) et les \u00e9changes avec les potes, la famille (des ann\u00e9es de correspondance priv\u00e9e, en somme) ; un compte consacr\u00e9 \u00e0 l&rsquo;\u00e9criture, qui contient les \u00e9changes avec les autres po\u00e8te.sses, les \u00e9diteurs, les amis \u00e0 propos de mes manuscrits, mais aussi les nombreuses newsletters et journaux, actualit\u00e9 des comptes Patreon etc&#8230; <\/p>\n\n\n\n<p>Il s&rsquo;agit de commencer par trier tout ce que j&rsquo;ai dans les Drive de ces trois comptes, r\u00e9cup\u00e9rer mes donn\u00e9es, donc faire de la place sur mon disque (voir pr\u00e9voir disque dur suppl\u00e9mentaire) pour les sauvegarder.<\/p>\n\n\n\n<p>A terme, je fermerai les deux comptes pro et \u00e9criture, et je garderai le compte perso le temps de voir s&rsquo;il est possible de s&rsquo;en passer.<\/p>\n\n\n\n<p>En parall\u00e8le cr\u00e9er un compte chez un autre fournisseur (Zaclys, Infomaniak ou autre, benchmark en cours*&#8230;) et m&rsquo;habituer progressivement aux nouveaux outils (contacts, agenda, drive, notes, etc\u2026).<\/p>\n\n\n\n<p>Acheter un nom de domaine suppl\u00e9mentaire pour cr\u00e9er de nouvelles adresses mail*.<\/p>\n\n\n\n<p>Et apprendre \u00e0 utiliser un truc autre que Google pour lire les mails (Thunderbird ou un autre). <\/p>\n\n\n\n<p>Me d\u00e9barrasser de Microsoft, passer sous Linux.<\/p>\n\n\n\n<p>Il faudra aussi que je d\u00e9cide ce que je fais de mes vid\u00e9opo\u00e8mes post\u00e9s sur Youtube. Je garde \u00e7a pour la fin, ok ?<\/p>\n\n\n\n<p><\/p>\n\n\n\n<p>Ce qui est d\u00e9j\u00e0 fait : <\/p>\n\n\n\n<p>Ouvrir un compte Mastodon, y passer du temps.<\/p>\n\n\n\n<p>Quitter Youtube Music, migrer chez Quobuz (c&rsquo;est un peu p\u00e9nible, j&rsquo;ai perdu tous mes favoris au passage, mais \u00e7a va aller).<\/p>\n\n\n\n<p>Changer mon clavier Google pour Futo, ouch ! (vraiment dur dur)<\/p>\n\n\n\n<p>\u00c7a fait longtemps que j&rsquo;ai cess\u00e9 d&rsquo;utiliser Amazon.<\/p>\n\n\n\n<p>Fermer mon compte Twitter (janvier 2025) qui n&rsquo;\u00e9tait plus actif depuis un bail (au moins, il y aura eu un truc simple \u00e0 faire).<\/p>\n\n\n\n<p>*Tout \u00e7a n&rsquo;est \u00e9videmment possible qu&rsquo;avec l&rsquo;aide, le soutien et le support indispensable de M., beau gosse, elfe et informaticien de maison.<\/p>\n\n\n<div class=\"wp-block-post-date\"><time datetime=\"2025-03-03T22:35:27+01:00\">3 mars 2025<\/time><\/div>","protected":false},"excerpt":{"rendered":"<p>M&rsquo;\u00e9loigner, autant qu&rsquo;il est possible, des GAFAM. GAFAM (source Wikip\u00e9dia) : \u00ab\u00a0GAFAM est l&rsquo;acronyme des g\u00e9ants du Web \u2014&nbsp;Google, Apple, Facebook (Meta), Amazon, Facebook, Microsoft &nbsp;\u2014 qui sont les cinq grandes firmes am\u00e9ricaines (fond\u00e9es entre le dernier quart du XXe&nbsp;si\u00e8cle et le d\u00e9but du XXIe&nbsp;si\u00e8cle) qui dominent le march\u00e9 du num\u00e9rique.\u00a0\u00bb \u00c7a veut dire de [&hellip;]<\/p>\n","protected":false},"author":1,"featured_media":0,"parent":0,"menu_order":0,"comment_status":"closed","ping_status":"closed","template":"","meta":{"footnotes":""},"class_list":["post-2216","page","type-page","status-publish","hentry"],"_links":{"self":[{"href":"https:\/\/juliette-cortese.fr\/index.php\/wp-json\/wp\/v2\/pages\/2216","targetHints":{"allow":["GET"]}}],"collection":[{"href":"https:\/\/juliette-cortese.fr\/index.php\/wp-json\/wp\/v2\/pages"}],"about":[{"href":"https:\/\/juliette-cortese.fr\/index.php\/wp-json\/wp\/v2\/types\/page"}],"author":[{"embeddable":true,"href":"https:\/\/juliette-cortese.fr\/index.php\/wp-json\/wp\/v2\/users\/1"}],"replies":[{"embeddable":true,"href":"https:\/\/juliette-cortese.fr\/index.php\/wp-json\/wp\/v2\/comments?post=2216"}],"version-history":[{"count":7,"href":"https:\/\/juliette-cortese.fr\/index.php\/wp-json\/wp\/v2\/pages\/2216\/revisions"}],"predecessor-version":[{"id":2359,"href":"https:\/\/juliette-cortese.fr\/index.php\/wp-json\/wp\/v2\/pages\/2216\/revisions\/2359"}],"wp:attachment":[{"href":"https:\/\/juliette-cortese.fr\/index.php\/wp-json\/wp\/v2\/media?parent=2216"}],"curies":[{"name":"wp","href":"https:\/\/api.w.org\/{rel}","templated":true}]}}